{"id":240072,"date":"2024-03-06T14:08:19","date_gmt":"2024-03-06T12:08:19","guid":{"rendered":"https:\/\/www.silviaarmasu.ro\/?post_type=product&#038;p=240072"},"modified":"2024-03-07T17:18:43","modified_gmt":"2024-03-07T15:18:43","slug":"viata-ca-un-dar","status":"publish","type":"product","link":"https:\/\/www.silviaarmasu.ro\/en\/product\/viata-ca-un-dar\/","title":{"rendered":"Via\u021ba ca un dar"},"content":{"rendered":"<p>Via\u021ba este o reprezentare de experien\u021be frumoase din care \u00eenv\u0103\u021b\u0103m multe lucruri, \u00eens\u0103 cel mai important ne arat\u0103 ca este nevoie s\u0103 ne ridic\u0103m \u0219i s\u0103 p\u0103\u0219im spre alegerea unui alt drum, atunci c\u00e2nd traseul este aglomerat de prea multe lucruri nefolositoare care afecteaz\u0103 bun\u0103starea fizic\u0103 \u0219i emo\u021bional\u0103.<\/p>\n<p>\u00cen acesta carte surprind c\u00e2teva secven\u021be care au avut impact \u00een decursul c\u0103l\u0103toriei mele \u0219i cum am ajuns la versiunea mea \u00eembun\u0103t\u0103\u021bit\u0103.<\/p>","protected":false},"excerpt":{"rendered":"<p>ISBN 978-973-0-39871-7<\/p>","protected":false},"featured_media":239929,"comment_status":"open","ping_status":"closed","template":"","meta":{"_acf_changed":false,"_et_pb_use_builder":"","_et_pb_old_content":"","_et_gb_content_width":"","_exactmetrics_skip_tracking":false,"_exactmetrics_sitenote_active":false,"_exactmetrics_sitenote_note":"","_exactmetrics_sitenote_category":0},"product_cat":[28],"product_tag":[],"class_list":{"0":"post-240072","1":"product","2":"type-product","3":"status-publish","4":"has-post-thumbnail","6":"product_cat-carti","8":"first","9":"instock","10":"downloadable","11":"virtual","12":"purchasable","13":"product-type-simple"},"acf":[],"yoast_head":"<!-- This site is optimized with the Yoast SEO plugin v22.5 - https:\/\/yoast.com\/wordpress\/plugins\/seo\/ -->\n<title>Via\u021ba ca un dar - Silvia Arma\u0219u<\/title>\n<meta name=\"robots\" content=\"index, follow, max-snippet:-1, max-image-preview:large, max-video-preview:-1\" \/>\n<link rel=\"canonical\" href=\"https:\/\/www.silviaarmasu.ro\/en\/product\/viata-ca-un-dar\/\" \/>\n<meta property=\"og:locale\" content=\"en_US\" \/>\n<meta property=\"og:type\" content=\"article\" \/>\n<meta property=\"og:title\" content=\"Via\u021ba ca un dar - Silvia Arma\u0219u\" \/>\n<meta property=\"og:description\" content=\"ISBN 978-973-0-39871-7\" \/>\n<meta property=\"og:url\" content=\"https:\/\/www.silviaarmasu.ro\/en\/product\/viata-ca-un-dar\/\" \/>\n<meta property=\"og:site_name\" content=\"Silvia Arma\u0219u\" \/>\n<meta property=\"article:modified_time\" content=\"2024-03-07T15:18:43+00:00\" \/>\n<meta property=\"og:image\" content=\"https:\/\/www.silviaarmasu.ro\/wp-content\/uploads\/2024\/01\/silvia-armasu-1.jpg\" \/>\n\t<meta property=\"og:image:width\" content=\"600\" \/>\n\t<meta property=\"og:image:height\" content=\"800\" \/>\n\t<meta property=\"og:image:type\" content=\"image\/jpeg\" \/>\n<meta name=\"twitter:card\" content=\"summary_large_image\" \/>\n<meta name=\"twitter:label1\" content=\"Est. reading time\" \/>\n\t<meta name=\"twitter:data1\" content=\"1 minute\" \/>\n<script type=\"application\/ld+json\" class=\"yoast-schema-graph\">{\"@context\":\"https:\/\/schema.org\",\"@graph\":[{\"@type\":\"WebPage\",\"@id\":\"https:\/\/www.silviaarmasu.ro\/produs\/viata-ca-un-dar\/\",\"url\":\"https:\/\/www.silviaarmasu.ro\/produs\/viata-ca-un-dar\/\",\"name\":\"Via\u021ba ca un dar - Silvia Arma\u0219u\",\"isPartOf\":{\"@id\":\"https:\/\/www.silviaarmasu.ro\/#website\"},\"primaryImageOfPage\":{\"@id\":\"https:\/\/www.silviaarmasu.ro\/produs\/viata-ca-un-dar\/#primaryimage\"},\"image\":{\"@id\":\"https:\/\/www.silviaarmasu.ro\/produs\/viata-ca-un-dar\/#primaryimage\"},\"thumbnailUrl\":\"https:\/\/www.silviaarmasu.ro\/wp-content\/uploads\/2024\/01\/silvia-armasu-1.jpg\",\"datePublished\":\"2024-03-06T12:08:19+00:00\",\"dateModified\":\"2024-03-07T15:18:43+00:00\",\"breadcrumb\":{\"@id\":\"https:\/\/www.silviaarmasu.ro\/produs\/viata-ca-un-dar\/#breadcrumb\"},\"inLanguage\":\"en-US\",\"potentialAction\":[{\"@type\":\"ReadAction\",\"target\":[\"https:\/\/www.silviaarmasu.ro\/produs\/viata-ca-un-dar\/\"]}]},{\"@type\":\"ImageObject\",\"inLanguage\":\"en-US\",\"@id\":\"https:\/\/www.silviaarmasu.ro\/produs\/viata-ca-un-dar\/#primaryimage\",\"url\":\"https:\/\/www.silviaarmasu.ro\/wp-content\/uploads\/2024\/01\/silvia-armasu-1.jpg\",\"contentUrl\":\"https:\/\/www.silviaarmasu.ro\/wp-content\/uploads\/2024\/01\/silvia-armasu-1.jpg\",\"width\":600,\"height\":800,\"caption\":\"Silvia Armasu\"},{\"@type\":\"BreadcrumbList\",\"@id\":\"https:\/\/www.silviaarmasu.ro\/produs\/viata-ca-un-dar\/#breadcrumb\",\"itemListElement\":[{\"@type\":\"ListItem\",\"position\":1,\"name\":\"Home\",\"item\":\"https:\/\/www.silviaarmasu.ro\/\"},{\"@type\":\"ListItem\",\"position\":2,\"name\":\"Servicii\",\"item\":\"https:\/\/www.silviaarmasu.ro\/servicii\/\"},{\"@type\":\"ListItem\",\"position\":3,\"name\":\"Via\u021ba ca un dar\"}]},{\"@type\":\"WebSite\",\"@id\":\"https:\/\/www.silviaarmasu.ro\/#website\",\"url\":\"https:\/\/www.silviaarmasu.ro\/\",\"name\":\"Silvia Arma\u0219u\",\"description\":\"Designed for Coaches\",\"potentialAction\":[{\"@type\":\"SearchAction\",\"target\":{\"@type\":\"EntryPoint\",\"urlTemplate\":\"https:\/\/www.silviaarmasu.ro\/?s={search_term_string}\"},\"query-input\":\"required name=search_term_string\"}],\"inLanguage\":\"en-US\"}]}<\/script>\n<!-- \/ Yoast SEO plugin. -->","yoast_head_json":{"title":"Via\u021ba ca un dar - Silvia Arma\u0219u","robots":{"index":"index","follow":"follow","max-snippet":"max-snippet:-1","max-image-preview":"max-image-preview:large","max-video-preview":"max-video-preview:-1"},"canonical":"https:\/\/www.silviaarmasu.ro\/en\/product\/viata-ca-un-dar\/","og_locale":"en_US","og_type":"article","og_title":"Via\u021ba ca un dar - Silvia Arma\u0219u","og_description":"ISBN 978-973-0-39871-7","og_url":"https:\/\/www.silviaarmasu.ro\/en\/product\/viata-ca-un-dar\/","og_site_name":"Silvia Arma\u0219u","article_modified_time":"2024-03-07T15:18:43+00:00","og_image":[{"width":600,"height":800,"url":"https:\/\/www.silviaarmasu.ro\/wp-content\/uploads\/2024\/01\/silvia-armasu-1.jpg","type":"image\/jpeg"}],"twitter_card":"summary_large_image","twitter_misc":{"Est. reading time":"1 minute"},"schema":{"@context":"https:\/\/schema.org","@graph":[{"@type":"WebPage","@id":"https:\/\/www.silviaarmasu.ro\/produs\/viata-ca-un-dar\/","url":"https:\/\/www.silviaarmasu.ro\/produs\/viata-ca-un-dar\/","name":"Via\u021ba ca un dar - Silvia Arma\u0219u","isPartOf":{"@id":"https:\/\/www.silviaarmasu.ro\/#website"},"primaryImageOfPage":{"@id":"https:\/\/www.silviaarmasu.ro\/produs\/viata-ca-un-dar\/#primaryimage"},"image":{"@id":"https:\/\/www.silviaarmasu.ro\/produs\/viata-ca-un-dar\/#primaryimage"},"thumbnailUrl":"https:\/\/www.silviaarmasu.ro\/wp-content\/uploads\/2024\/01\/silvia-armasu-1.jpg","datePublished":"2024-03-06T12:08:19+00:00","dateModified":"2024-03-07T15:18:43+00:00","breadcrumb":{"@id":"https:\/\/www.silviaarmasu.ro\/produs\/viata-ca-un-dar\/#breadcrumb"},"inLanguage":"en-US","potentialAction":[{"@type":"ReadAction","target":["https:\/\/www.silviaarmasu.ro\/produs\/viata-ca-un-dar\/"]}]},{"@type":"ImageObject","inLanguage":"en-US","@id":"https:\/\/www.silviaarmasu.ro\/produs\/viata-ca-un-dar\/#primaryimage","url":"https:\/\/www.silviaarmasu.ro\/wp-content\/uploads\/2024\/01\/silvia-armasu-1.jpg","contentUrl":"https:\/\/www.silviaarmasu.ro\/wp-content\/uploads\/2024\/01\/silvia-armasu-1.jpg","width":600,"height":800,"caption":"Silvia Armasu"},{"@type":"BreadcrumbList","@id":"https:\/\/www.silviaarmasu.ro\/produs\/viata-ca-un-dar\/#breadcrumb","itemListElement":[{"@type":"ListItem","position":1,"name":"Home","item":"https:\/\/www.silviaarmasu.ro\/"},{"@type":"ListItem","position":2,"name":"Servicii","item":"https:\/\/www.silviaarmasu.ro\/servicii\/"},{"@type":"ListItem","position":3,"name":"Via\u021ba ca un dar"}]},{"@type":"WebSite","@id":"https:\/\/www.silviaarmasu.ro\/#website","url":"https:\/\/www.silviaarmasu.ro\/","name":"Silvia Arma\u0219u","description":"Designed for Coaches","potentialAction":[{"@type":"SearchAction","target":{"@type":"EntryPoint","urlTemplate":"https:\/\/www.silviaarmasu.ro\/?s={search_term_string}"},"query-input":"required name=search_term_string"}],"inLanguage":"en-US"}]}},"_links":{"self":[{"href":"https:\/\/www.silviaarmasu.ro\/en\/wp-json\/wp\/v2\/product\/240072","targetHints":{"allow":["GET"]}}],"collection":[{"href":"https:\/\/www.silviaarmasu.ro\/en\/wp-json\/wp\/v2\/product"}],"about":[{"href":"https:\/\/www.silviaarmasu.ro\/en\/wp-json\/wp\/v2\/types\/product"}],"replies":[{"embeddable":true,"href":"https:\/\/www.silviaarmasu.ro\/en\/wp-json\/wp\/v2\/comments?post=240072"}],"wp:featuredmedia":[{"embeddable":true,"href":"https:\/\/www.silviaarmasu.ro\/en\/wp-json\/wp\/v2\/media\/239929"}],"wp:attachment":[{"href":"https:\/\/www.silviaarmasu.ro\/en\/wp-json\/wp\/v2\/media?parent=240072"}],"wp:term":[{"taxonomy":"product_cat","embeddable":true,"href":"https:\/\/www.silviaarmasu.ro\/en\/wp-json\/wp\/v2\/product_cat?post=240072"},{"taxonomy":"product_tag","embeddable":true,"href":"https:\/\/www.silviaarmasu.ro\/en\/wp-json\/wp\/v2\/product_tag?post=240072"}],"curies":[{"name":"wp","href":"https:\/\/api.w.org\/{rel}","templated":true}]}}