{"id":13,"date":"2022-02-22T02:22:52","date_gmt":"2022-02-22T02:22:52","guid":{"rendered":"https:\/\/www.silviaarmasu.ro\/shop\/"},"modified":"2024-03-05T18:21:41","modified_gmt":"2024-03-05T16:21:41","slug":"servicii","status":"publish","type":"page","link":"https:\/\/www.silviaarmasu.ro\/en\/servicii\/","title":{"rendered":"Servicii"},"content":{"rendered":"<p>[et_pb_section fb_built=&#8221;1&#8243; _builder_version=&#8221;4.16&#8243; _module_preset=&#8221;default&#8221;][et_pb_row _builder_version=&#8221;4.16&#8243; _module_preset=&#8221;default&#8221; global_colors_info=&#8221;{}&#8221;][et_pb_column type=&#8221;4_4&#8243; _builder_version=&#8221;4.16&#8243; _module_preset=&#8221;default&#8221; global_colors_info=&#8221;{}&#8221;][et_pb_text admin_label=&#8221;Shop or Services Title&#8221; _builder_version=&#8221;4.16&#8243; _dynamic_attributes=&#8221;content&#8221; _module_preset=&#8221;default&#8221; text_font_size=&#8221;60px&#8221; text_orientation=&#8221;center&#8221; text_font_size_tablet=&#8221;40px&#8221; text_font_size_phone=&#8221;35px&#8221; text_font_size_last_edited=&#8221;on|phone&#8221; header_font_size_last_edited=&#8221;off|tablet&#8221; locked=&#8221;off&#8221; global_colors_info=&#8221;{}&#8221;]@ET-DC@eyJkeW5hbWljIjp0cnVlLCJjb250ZW50IjoiY3VzdG9tX21ldGFfc2hvcHNlcnZpY2VzX3RpdGxlIiwic2V0dGluZ3MiOnsiYmVmb3JlIjoiIiwiYWZ0ZXIiOiIiLCJlbmFibGVfaHRtbCI6Im9mZiJ9fQ==@[\/et_pb_text][et_pb_text admin_label=&#8221;Shop or Services message&#8221; _builder_version=&#8221;4.16&#8243; _dynamic_attributes=&#8221;content&#8221; _module_preset=&#8221;default&#8221; text_font_size=&#8221;30px&#8221; text_orientation=&#8221;center&#8221; text_font_size_tablet=&#8221;30px&#8221; text_font_size_phone=&#8221;25px&#8221; text_font_size_last_edited=&#8221;on|desktop&#8221; header_2_font_size_last_edited=&#8221;off|desktop&#8221; locked=&#8221;off&#8221; global_colors_info=&#8221;{}&#8221;]@ET-DC@eyJkeW5hbWljIjp0cnVlLCJjb250ZW50IjoiY3VzdG9tX21ldGFfbWVzc2FnZSIsInNldHRpbmdzIjp7ImJlZm9yZSI6IiIsImFmdGVyIjoiIiwiZW5hYmxlX2h0bWwiOiJvZmYifX0=@[\/et_pb_text][\/et_pb_column][\/et_pb_row][et_pb_row column_structure=&#8221;1_2,1_2&#8243; disabled_on=&#8221;on|on|on&#8221; _builder_version=&#8221;4.23.4&#8243; _module_preset=&#8221;default&#8221; disabled=&#8221;on&#8221; global_colors_info=&#8221;{}&#8221;][et_pb_column type=&#8221;1_2&#8243; _builder_version=&#8221;4.16&#8243; _module_preset=&#8221;default&#8221; global_colors_info=&#8221;{}&#8221;][et_pb_image src=&#8221;@ET-DC@eyJkeW5hbWljIjp0cnVlLCJjb250ZW50IjoiY3VzdG9tX21ldGFfcHJvZHVjdF9pbWFnZSIsInNldHRpbmdzIjp7ImJlZm9yZSI6IiIsImFmdGVyIjoiIiwiZW5hYmxlX2h0bWwiOiJvZmYifX0=@&#8221; admin_label=&#8221;Product Image&#8221; _builder_version=&#8221;4.16&#8243; _dynamic_attributes=&#8221;src&#8221; _module_preset=&#8221;default&#8221; global_colors_info=&#8221;{}&#8221;][\/et_pb_image][\/et_pb_column][et_pb_column type=&#8221;1_2&#8243; _builder_version=&#8221;4.16&#8243; _module_preset=&#8221;default&#8221; global_colors_info=&#8221;{}&#8221;][et_pb_text admin_label=&#8221;Products or Service Title&#8221; _builder_version=&#8221;4.16&#8243; _dynamic_attributes=&#8221;content&#8221; _module_preset=&#8221;default&#8221; text_font_size=&#8221;30px&#8221; text_orientation=&#8221;center&#8221; text_font_size_tablet=&#8221;30px&#8221; text_font_size_phone=&#8221;25px&#8221; text_font_size_last_edited=&#8221;on|desktop&#8221; header_2_font_size_last_edited=&#8221;off|desktop&#8221; locked=&#8221;off&#8221; global_colors_info=&#8221;{}&#8221;]@ET-DC@eyJkeW5hbWljIjp0cnVlLCJjb250ZW50IjoiY3VzdG9tX21ldGFfcHJvZHVjdF9vcl9zZXJ2aWNlX3RpdGxlIiwic2V0dGluZ3MiOnsiYmVmb3JlIjoiIiwiYWZ0ZXIiOiIiLCJlbmFibGVfaHRtbCI6Im9mZiJ9fQ==@[\/et_pb_text][et_pb_text admin_label=&#8221;Product or Service Description&#8221; _builder_version=&#8221;4.16&#8243; _dynamic_attributes=&#8221;content&#8221; _module_preset=&#8221;default&#8221; global_colors_info=&#8221;{}&#8221;]@ET-DC@eyJkeW5hbWljIjp0cnVlLCJjb250ZW50IjoiY3VzdG9tX21ldGFfcHJvZHVjdF9vcl9zZXJ2aWNlX2Rlc2NyaXB0aW9uIiwic2V0dGluZ3MiOnsiYmVmb3JlIjoiIiwiYWZ0ZXIiOiIiLCJlbmFibGVfaHRtbCI6Im9mZiJ9fQ==@[\/et_pb_text][et_pb_button button_text=&#8221;@ET-DC@eyJkeW5hbWljIjp0cnVlLCJjb250ZW50IjoiY3VzdG9tX21ldGFfYnV0dG9uX2xhYmVsIiwic2V0dGluZ3MiOnsiYmVmb3JlIjoiIiwiYWZ0ZXIiOiIiLCJlbmFibGVfaHRtbCI6Im9mZiJ9fQ==@&#8221; admin_label=&#8221;Button Label&#8221; _builder_version=&#8221;4.16&#8243; _dynamic_attributes=&#8221;button_text&#8221; _module_preset=&#8221;9e5426bc-6ab4-4c23-9d62-da209e0c34db&#8221; global_colors_info=&#8221;{%22gcid-4736d5bb-6e31-4976-86fb-ae14eb5192e9%22:%91%22button_border_color__hover%22,%22button_border_color__hover%22,%22button_border_color__hover%22,%22button_border_color__hover%22,%22button_border_color__hover%22,%22button_border_color__hover%22%93,%22gcid-1012d8eb-e1df-4c65-b3c5-8cfe879cf7bf%22:%91%22button_bg_color%22,%22button_border_color%22%93}&#8221;][\/et_pb_button][\/et_pb_column][\/et_pb_row][\/et_pb_section][et_pb_section fb_built=&#8221;1&#8243; _builder_version=&#8221;4.16&#8243; _module_preset=&#8221;default&#8221; global_colors_info=&#8221;{}&#8221;][et_pb_row column_structure=&#8221;1_2,1_2&#8243; disabled_on=&#8221;off|off|off&#8221; _builder_version=&#8221;4.24.2&#8243; _module_preset=&#8221;default&#8221; global_colors_info=&#8221;{}&#8221;][et_pb_column type=&#8221;1_2&#8243; _builder_version=&#8221;4.16&#8243; _module_preset=&#8221;default&#8221; global_colors_info=&#8221;{}&#8221;][et_pb_shop columns_number=&#8221;3&#8243; sale_badge_color=&#8221;gcid-1012d8eb-e1df-4c65-b3c5-8cfe879cf7bf&#8221; icon_hover_color=&#8221;gcid-1012d8eb-e1df-4c65-b3c5-8cfe879cf7bf&#8221; hover_icon=&#8221;&#xf518;||fa||900&#8243; disabled_on=&#8221;on|on|on&#8221; admin_label=&#8221;Shop Module&#8221; _builder_version=&#8221;4.23.4&#8243; _module_preset=&#8221;default&#8221; title_font=&#8221;|700|||||||&#8221; title_text_color=&#8221;gcid-1012d8eb-e1df-4c65-b3c5-8cfe879cf7bf&#8221; price_font=&#8221;|600|||||||&#8221; text_orientation=&#8221;center&#8221; border_radii_image_tablet=&#8221;off||75px||75px&#8221; border_radii_image_phone=&#8221;off||75px||75px&#8221; border_radii_image_last_edited=&#8221;off|desktop&#8221; box_shadow_style_image=&#8221;preset1&#8243; disabled=&#8221;on&#8221; global_colors_info=&#8221;{%22gcid-1012d8eb-e1df-4c65-b3c5-8cfe879cf7bf%22:%91%22sale_badge_color%22,%22title_text_color%22,%22icon_hover_color%22%93}&#8221;][\/et_pb_shop][et_pb_text _builder_version=&#8221;4.24.2&#8243; _module_preset=&#8221;default&#8221; global_colors_info=&#8221;{}&#8221;]<\/p>\n<h3><strong>Provoc\u0103ri:<\/strong><\/h3>\n<ul>\n<li>Identificare tipare mentale &#8211; sabotorul intern, vocea critic\u0103;<\/li>\n<li>Lucrul cu emo\u021biile \u0219i cu copilul interior r\u0103nit;<\/li>\n<li>Medita\u021bii pentru minte \u0219i corp, imagerii ghidate;<\/li>\n<li>Redescoperirea puterii interioare;<\/li>\n<li>Deblocare din zona personala, profesionala, familiala;<\/li>\n<li>Trusa de prim ajutor cu strategii \u0219i instrumente-reglare emo\u021bional\u0103;<\/li>\n<li>Atingerea obiectivelor;<\/li>\n<li>Gestionarea timpului, luarea deciziilor;<\/li>\n<li>Imagine de sine, stima de sine, \u00eencredere \u00een sine;<\/li>\n<li>Un plan personalizat, potrivit cu nevoile tale;<\/li>\n<li>Stil de via\u021b\u0103 s\u0103n\u0103tos-minte-trup-suflet ;<\/li>\n<li>Misiunea mea este s\u0103 te ajut s\u0103 \u021bi transformi via\u021ba, i\u021bi stau alaturi pas cu pas!<\/li>\n<\/ul>\n<h3><strong>Uite cum te pot ajuta <\/strong><\/h3>\n<ul>\n<li>Consulta\u021bie 1to1 &#8211; consulta\u021bie 50 de minute<\/li>\n<li>Pachet de 4 consulta\u021bii plus 1 gratuit\u0103<\/li>\n<li>\u00cent\u0103lnire grup de facebook<\/li>\n<\/ul>\n<p>Trimite-mi si un email la adresa <a href=\"mailto:silviaarmasu.ro@yahoo.com\"><strong>silviaarmasu.ro@yahoo.com<\/strong><\/a> si te invit s\u0103 vorbim.<\/p>\n<p>&nbsp;<\/p>\n<p>Investi\u021bia \u00een tine este secretul, lucrul cu tine este un proces \u0219i de aceea nu se \u00eent\u00e2mpl\u0103 peste noapte, este nevoie de timp s\u0103 explorezi \u00een interiorul fiin\u021bei tale, iar fiecare zi te va aduce \u0219i mai aproape de visul t\u0103u.<\/p>\n<p>Deseori ne lini\u0219tim c\u00e2nd g\u0103sim r\u0103spunsuri la \u00eentreb\u0103ri existen\u021biale care ne fr\u0103m\u00e2nt\u0103, de aceea sunt cu tine, ca s\u0103 g\u0103se\u0219ti sens la ce \u021bi se \u00eent\u00e2mpl\u0103 acum, s\u0103 vezi drumul c\u0103tre inima ta, am un plan personalizat \u0219i adaptat nevoilor tale.<\/p>\n<p>Nimic nu te vindec\u0103 din exterior, dac\u0103 nu lucrezi tu cu tine din interior, fericirea vine din interior \u0219i nu s-a n\u0103scut cineva cu scopul de a te face pe tine fericit, cat\u0103 vreme tu nu e\u0219ti bine cu tine, nimic din exterior nu te va bucura, de aceea spun c\u0103 este la un clic distant\u0103 s\u0103 iei o decizie acum, ca via\u021ba ta s\u0103 se schimbe.<\/p>\n<p>Vei g\u0103si ordine \u00een via\u021ba ta, vom discuta despre stima de sine, \u00eencredere \u00een sine, imagine de sine, mul\u021bumire de sine.<\/p>\n<p>Iubirea de sine \u00eenseamn\u0103 s\u0103 \u00eencepi s\u0103 faci ceva nou pentru tine, diferit, oare cum crezi c\u0103 se schimb\u0103 ceva \u00een via\u021ba ta, dac\u0103 tu te folose\u0219ti de acelea\u0219i experien\u021be vechi, cum crezi c\u0103 po\u021bi avea rezultate dac\u0103 nu faci altceva.<\/p>\n<p>Ca s\u0103 faci lucrurile cum le-ai f\u0103cut \u0219i p\u00e2n\u0103 acum \u0219i s\u0103 te a\u0219tep\u021bi la rezultate diferite este aproape imposibil spunea un renumit om de \u0219tiin\u021b\u0103.<\/p>\n<p>Te invit s\u0103 p\u0103\u0219e\u0219ti pe drumul c\u0103tre casa sufletului t\u0103u, pentru a g\u0103si Puterea Interioara, folosindu-\u0219i intui\u021bia \u0219i con\u0219tiinciozitatea, ca s\u0103 fii tu la c\u00e2rm\u0103 vie\u021bii tale.<\/p>\n<p>\u00cempreun\u0103 vom descoperi ce- \u021bi dore\u0219ti cu adev\u0103rat \u0219i ce e mai bine \u00een rela\u021bia cu tine \u0219i cu ceilal\u021bi.<\/p>\n<p>Te ajut s\u0103 p\u0103trunzi \u00een ad\u00e2ncul fiin\u021bei tale pentru a g\u0103si acolo resursele de care ai nevoie, ca s\u0103 ajungi la acceptarea \u0219i iubirea de sine.<\/p>\n<p>Pot s\u0103 te \u00eenso\u021besc \u00een acest parcurs s\u0103-\u021bi fiu ghid \u0219i protector al fiin\u021bei tale, este necesar doar s\u0103-\u021bi dai voie s\u0103 pleci la drum decis \u0219i deschis.<\/p>\n<p>[\/et_pb_text][\/et_pb_column][et_pb_column type=&#8221;1_2&#8243; _builder_version=&#8221;4.16&#8243; _module_preset=&#8221;default&#8221; global_colors_info=&#8221;{}&#8221;][et_pb_text _builder_version=&#8221;4.24.2&#8243; _module_preset=&#8221;default&#8221; text_font_size=&#8221;21px&#8221; background_color=&#8221;#f1948a&#8221; background_layout=&#8221;dark&#8221; custom_padding=&#8221;50px||50px|50px|true|false&#8221; box_shadow_style=&#8221;preset3&#8243; global_colors_info=&#8221;{}&#8221;]<\/p>\n<ul>\n<li>Pachet consulta\u021bii de 10 \u0219edin\u021be 1200 lei<\/li>\n<li>1\/1 \u0219edin\u021b\u0103 de 50 minute, 150 lei<\/li>\n<li>\u00cent\u00e2lniri \u00een grup de facebook<\/li>\n<li>Programul ,,Din grij\u0103 pentru copii\u201d<br \/><em>10 \u0219edin\u021be gratuite copii \u00eentre 11-18 ani<\/em><\/li>\n<\/ul>\n<p>[\/et_pb_text][et_pb_button button_url=&#8221;\/contact&#8221; button_text=&#8221;PROGRAMEAZ\u0102 O \u00ceNT\u00c2LNIRE!&#8221; button_alignment=&#8221;center&#8221; _builder_version=&#8221;4.24.2&#8243; _module_preset=&#8221;default&#8221; custom_button=&#8221;off&#8221; global_colors_info=&#8221;{}&#8221;][\/et_pb_button][\/et_pb_column][\/et_pb_row][\/et_pb_section]<\/p>","protected":false},"excerpt":{"rendered":"<p>Provoc\u0103ri: Identificare tipare mentale &#8211; sabotorul intern, vocea critic\u0103; Lucrul cu emo\u021biile \u0219i cu copilul interior r\u0103nit; Medita\u021bii pentru minte \u0219i corp, imagerii ghidate; Redescoperirea puterii interioare; Deblocare din zona personala, profesionala, familiala; Trusa de prim ajutor cu strategii \u0219i instrumente-reglare emo\u021bional\u0103; Atingerea obiectivelor; Gestionarea timpului, luarea deciziilor; Imagine de sine, stima de sine, \u00eencredere [&hellip;]<\/p>","protected":false},"author":1,"featured_media":0,"parent":0,"menu_order":0,"comment_status":"closed","ping_status":"closed","template":"","meta":{"_acf_changed":false,"_et_pb_use_builder":"on","_et_pb_old_content":"","_et_gb_content_width":"","_exactmetrics_skip_tracking":false,"_exactmetrics_sitenote_active":false,"_exactmetrics_sitenote_note":"","_exactmetrics_sitenote_category":0,"footnotes":""},"class_list":["post-13","page","type-page","status-publish","hentry"],"acf":[],"yoast_head":"<!-- This site is optimized with the Yoast SEO plugin v22.5 - https:\/\/yoast.com\/wordpress\/plugins\/seo\/ -->\n<title>Servicii - Silvia Arma\u0219u<\/title>\n<meta name=\"robots\" content=\"index, follow, max-snippet:-1, max-image-preview:large, max-video-preview:-1\" \/>\n<link rel=\"canonical\" href=\"https:\/\/www.silviaarmasu.ro\/en\/servicii\/\" \/>\n<meta property=\"og:locale\" content=\"en_US\" \/>\n<meta property=\"og:type\" content=\"article\" \/>\n<meta property=\"og:title\" content=\"Servicii - Silvia Arma\u0219u\" \/>\n<meta property=\"og:description\" content=\"Provoc\u0103ri: Identificare tipare mentale - sabotorul intern, vocea critic\u0103; Lucrul cu emo\u021biile \u0219i cu copilul interior r\u0103nit; Medita\u021bii pentru minte \u0219i corp, imagerii ghidate; Redescoperirea puterii interioare; Deblocare din zona personala, profesionala, familiala; Trusa de prim ajutor cu strategii \u0219i instrumente-reglare emo\u021bional\u0103; Atingerea obiectivelor; Gestionarea timpului, luarea deciziilor; Imagine de sine, stima de sine, \u00eencredere [&hellip;]\" \/>\n<meta property=\"og:url\" content=\"https:\/\/www.silviaarmasu.ro\/en\/servicii\/\" \/>\n<meta property=\"og:site_name\" content=\"Silvia Arma\u0219u\" \/>\n<meta property=\"article:modified_time\" content=\"2024-03-05T16:21:41+00:00\" \/>\n<meta name=\"twitter:card\" content=\"summary_large_image\" \/>\n<meta name=\"twitter:label1\" content=\"Est. reading time\" \/>\n\t<meta name=\"twitter:data1\" content=\"1 minute\" \/>\n<script type=\"application\/ld+json\" class=\"yoast-schema-graph\">{\"@context\":\"https:\/\/schema.org\",\"@graph\":[{\"@type\":\"WebPage\",\"@id\":\"https:\/\/www.silviaarmasu.ro\/servicii\/\",\"url\":\"https:\/\/www.silviaarmasu.ro\/servicii\/\",\"name\":\"Servicii - Silvia Arma\u0219u\",\"isPartOf\":{\"@id\":\"https:\/\/www.silviaarmasu.ro\/#website\"},\"datePublished\":\"2022-02-22T02:22:52+00:00\",\"dateModified\":\"2024-03-05T16:21:41+00:00\",\"breadcrumb\":{\"@id\":\"https:\/\/www.silviaarmasu.ro\/servicii\/#breadcrumb\"},\"inLanguage\":\"en-US\",\"potentialAction\":[{\"@type\":\"ReadAction\",\"target\":[\"https:\/\/www.silviaarmasu.ro\/servicii\/\"]}]},{\"@type\":\"BreadcrumbList\",\"@id\":\"https:\/\/www.silviaarmasu.ro\/servicii\/#breadcrumb\",\"itemListElement\":[{\"@type\":\"ListItem\",\"position\":1,\"name\":\"Home\",\"item\":\"https:\/\/www.silviaarmasu.ro\/\"},{\"@type\":\"ListItem\",\"position\":2,\"name\":\"Servicii\"}]},{\"@type\":\"WebSite\",\"@id\":\"https:\/\/www.silviaarmasu.ro\/#website\",\"url\":\"https:\/\/www.silviaarmasu.ro\/\",\"name\":\"Silvia Arma\u0219u\",\"description\":\"Designed for Coaches\",\"potentialAction\":[{\"@type\":\"SearchAction\",\"target\":{\"@type\":\"EntryPoint\",\"urlTemplate\":\"https:\/\/www.silviaarmasu.ro\/?s={search_term_string}\"},\"query-input\":\"required name=search_term_string\"}],\"inLanguage\":\"en-US\"}]}<\/script>\n<!-- \/ Yoast SEO plugin. -->","yoast_head_json":{"title":"Servicii - Silvia Arma\u0219u","robots":{"index":"index","follow":"follow","max-snippet":"max-snippet:-1","max-image-preview":"max-image-preview:large","max-video-preview":"max-video-preview:-1"},"canonical":"https:\/\/www.silviaarmasu.ro\/en\/servicii\/","og_locale":"en_US","og_type":"article","og_title":"Servicii - Silvia Arma\u0219u","og_description":"Provoc\u0103ri: Identificare tipare mentale - sabotorul intern, vocea critic\u0103; Lucrul cu emo\u021biile \u0219i cu copilul interior r\u0103nit; Medita\u021bii pentru minte \u0219i corp, imagerii ghidate; Redescoperirea puterii interioare; Deblocare din zona personala, profesionala, familiala; Trusa de prim ajutor cu strategii \u0219i instrumente-reglare emo\u021bional\u0103; Atingerea obiectivelor; Gestionarea timpului, luarea deciziilor; Imagine de sine, stima de sine, \u00eencredere [&hellip;]","og_url":"https:\/\/www.silviaarmasu.ro\/en\/servicii\/","og_site_name":"Silvia Arma\u0219u","article_modified_time":"2024-03-05T16:21:41+00:00","twitter_card":"summary_large_image","twitter_misc":{"Est. reading time":"1 minute"},"schema":{"@context":"https:\/\/schema.org","@graph":[{"@type":"WebPage","@id":"https:\/\/www.silviaarmasu.ro\/servicii\/","url":"https:\/\/www.silviaarmasu.ro\/servicii\/","name":"Servicii - Silvia Arma\u0219u","isPartOf":{"@id":"https:\/\/www.silviaarmasu.ro\/#website"},"datePublished":"2022-02-22T02:22:52+00:00","dateModified":"2024-03-05T16:21:41+00:00","breadcrumb":{"@id":"https:\/\/www.silviaarmasu.ro\/servicii\/#breadcrumb"},"inLanguage":"en-US","potentialAction":[{"@type":"ReadAction","target":["https:\/\/www.silviaarmasu.ro\/servicii\/"]}]},{"@type":"BreadcrumbList","@id":"https:\/\/www.silviaarmasu.ro\/servicii\/#breadcrumb","itemListElement":[{"@type":"ListItem","position":1,"name":"Home","item":"https:\/\/www.silviaarmasu.ro\/"},{"@type":"ListItem","position":2,"name":"Servicii"}]},{"@type":"WebSite","@id":"https:\/\/www.silviaarmasu.ro\/#website","url":"https:\/\/www.silviaarmasu.ro\/","name":"Silvia Arma\u0219u","description":"Designed for Coaches","potentialAction":[{"@type":"SearchAction","target":{"@type":"EntryPoint","urlTemplate":"https:\/\/www.silviaarmasu.ro\/?s={search_term_string}"},"query-input":"required name=search_term_string"}],"inLanguage":"en-US"}]}},"_links":{"self":[{"href":"https:\/\/www.silviaarmasu.ro\/en\/wp-json\/wp\/v2\/pages\/13","targetHints":{"allow":["GET"]}}],"collection":[{"href":"https:\/\/www.silviaarmasu.ro\/en\/wp-json\/wp\/v2\/pages"}],"about":[{"href":"https:\/\/www.silviaarmasu.ro\/en\/wp-json\/wp\/v2\/types\/page"}],"author":[{"embeddable":true,"href":"https:\/\/www.silviaarmasu.ro\/en\/wp-json\/wp\/v2\/users\/1"}],"replies":[{"embeddable":true,"href":"https:\/\/www.silviaarmasu.ro\/en\/wp-json\/wp\/v2\/comments?post=13"}],"version-history":[{"count":8,"href":"https:\/\/www.silviaarmasu.ro\/en\/wp-json\/wp\/v2\/pages\/13\/revisions"}],"predecessor-version":[{"id":240070,"href":"https:\/\/www.silviaarmasu.ro\/en\/wp-json\/wp\/v2\/pages\/13\/revisions\/240070"}],"wp:attachment":[{"href":"https:\/\/www.silviaarmasu.ro\/en\/wp-json\/wp\/v2\/media?parent=13"}],"curies":[{"name":"wp","href":"https:\/\/api.w.org\/{rel}","templated":true}]}}